{"id":69,"date":"2021-11-16T18:25:45","date_gmt":"2021-11-16T23:25:45","guid":{"rendered":"https:\/\/tafaequilibrio.wordpress.com\/?page_id=22"},"modified":"2022-06-25T19:20:49","modified_gmt":"2022-06-25T19:20:49","slug":"acerca-de","status":"publish","type":"page","link":"https:\/\/tafaequilibrio.com\/?page_id=69","title":{"rendered":"ACERCA DE"},"content":{"rendered":"\n<div class=\"wp-block-group alignfull\"><div class=\"wp-block-group__inner-container is-layout-flow wp-block-group-is-layout-flow\">\n<div style=\"height:32px\" aria-hidden=\"true\" class=\"wp-block-spacer\"><\/div>\n\n\n<div class=\"wp-block-image\">\n<figure class=\"aligncenter size-large\"><img loading=\"lazy\" decoding=\"async\" width=\"1024\" height=\"650\" src=\"https:\/\/tafaequilibrio.com\/wp-content\/uploads\/2022\/06\/spa1920-1024x650.jpg\" alt=\"\" class=\"wp-image-503\" srcset=\"https:\/\/tafaequilibrio.com\/wp-content\/uploads\/2022\/06\/spa1920-1024x650.jpg 1024w, https:\/\/tafaequilibrio.com\/wp-content\/uploads\/2022\/06\/spa1920-300x190.jpg 300w, https:\/\/tafaequilibrio.com\/wp-content\/uploads\/2022\/06\/spa1920-768x487.jpg 768w, https:\/\/tafaequilibrio.com\/wp-content\/uploads\/2022\/06\/spa1920-1536x974.jpg 1536w, https:\/\/tafaequilibrio.com\/wp-content\/uploads\/2022\/06\/spa1920.jpg 1920w\" sizes=\"auto, (max-width: 1024px) 100vw, 1024px\" \/><\/figure>\n<\/div>\n\n\n<div class=\"wp-block-columns is-layout-flex wp-container-core-columns-is-layout-9d6595d7 wp-block-columns-is-layout-flex\">\n<div class=\"wp-block-column is-layout-flow wp-block-column-is-layout-flow\" style=\"flex-basis:100%\">\n<p class=\"has-text-align-center has-medium-font-size\">Somos un equipo de personas preparadas y comprometidas con un mundo mejor, brindamos un espacio de autoconocimiento y realizaci\u00f3n.<\/p>\n<\/div>\n<\/div>\n\n\n\n<div class=\"wp-block-columns is-layout-flex wp-container-core-columns-is-layout-9d6595d7 wp-block-columns-is-layout-flex\">\n<div class=\"wp-block-column is-layout-flow wp-block-column-is-layout-flow\" style=\"flex-basis:100%\">\n<p class=\"has-text-align-center has-medium-font-size\">Para el auto-conocimiento empleamos modelos derivados de propuestas que te conectan contigo y con el mundo que te rodea, como: Canales de Percepci\u00f3n, Hemisferios Cerebrales, Inteligencias M\u00faltiples, etc.<\/p>\n<\/div>\n<\/div>\n\n\n\n<div class=\"wp-block-columns is-layout-flex wp-container-core-columns-is-layout-9d6595d7 wp-block-columns-is-layout-flex\">\n<div class=\"wp-block-column is-layout-flow wp-block-column-is-layout-flow\" style=\"flex-basis:100%\">\n<p class=\"has-text-align-center has-medium-font-size\">Realizaci\u00f3n, entendida como ese momento en el cual percibes una sensaci\u00f3n de bienestar indescriptible, resultado de haberte superado.<\/p>\n<\/div>\n<\/div>\n\n\n\n<div class=\"wp-block-columns is-layout-flex wp-container-core-columns-is-layout-9d6595d7 wp-block-columns-is-layout-flex\">\n<div class=\"wp-block-column is-layout-flow wp-block-column-is-layout-flow\" style=\"flex-basis:100%\">\n<p class=\"has-text-align-center has-medium-font-size\">Nos esforzamos por crear experiencias que despierten el amor a la vida.<\/p>\n<\/div>\n<\/div>\n\n\n\n<div class=\"wp-block-columns is-layout-flex wp-container-core-columns-is-layout-9d6595d7 wp-block-columns-is-layout-flex\">\n<div class=\"wp-block-column is-layout-flow wp-block-column-is-layout-flow\" style=\"flex-basis:100%\">\n<p class=\"has-text-align-center has-medium-font-size\">Brindamos servicios de cafeter\u00eda veggie, spa, talleres de auto-conocimiento y experiencias de realizaci\u00f3n con t\u00e9cnicas como: Yoga (Una experiencia profunda de ti mismo), Baile (Aprender a bailar es aprender a vivir con fluidez, con gracia), meditaci\u00f3n, etc.<\/p>\n<\/div>\n<\/div>\n\n\n\n<p><\/p>\n\n\n\n<p class=\"has-text-align-center has-medium-font-size\">TAFA EQUILIBRIO ES LA COMBINACI\u00d3N DE CUATRO ELEMENTOS MUY INDISPENSABLES.<\/p>\n<\/div><\/div>\n\n\n\n<div class=\"wp-block-group alignfull\"><div class=\"wp-block-group__inner-container is-layout-flow wp-block-group-is-layout-flow\">\n<div style=\"height:64px\" aria-hidden=\"true\" class=\"wp-block-spacer\"><\/div>\n<\/div><\/div>\n\n\n\n<div class=\"wp-block-group alignfull\"><div class=\"wp-block-group__inner-container is-layout-flow wp-block-group-is-layout-flow\">\n<div style=\"height:64px\" aria-hidden=\"true\" class=\"wp-block-spacer\"><\/div>\n<\/div><\/div>\n\n\n\n<div class=\"wp-block-group alignfull\"><div class=\"wp-block-group__inner-container is-layout-flow wp-block-group-is-layout-flow\">\n<div style=\"height:32px\" aria-hidden=\"true\" class=\"wp-block-spacer\"><\/div>\n<\/div><\/div>\n","protected":false},"excerpt":{"rendered":"<p>Somos un equipo de personas preparadas y comprometidas con un mundo mejor, brindamos un espacio de autoconocimiento y realizaci\u00f3n. Para el auto-conocimiento empleamos modelos derivados de propuestas que te conectan contigo y con el mundo que te rodea, como: Canales de Percepci\u00f3n, Hemisferios Cerebrales, Inteligencias M\u00faltiples, etc. Realizaci\u00f3n, entendida como ese momento en el cual [&hellip;]<\/p>\n","protected":false},"author":2,"featured_media":0,"parent":0,"menu_order":0,"comment_status":"closed","ping_status":"closed","template":"","meta":{"hide_page_title":"","footnotes":""},"class_list":["post-69","page","type-page","status-publish","hentry"],"_links":{"self":[{"href":"https:\/\/tafaequilibrio.com\/index.php?rest_route=\/wp\/v2\/pages\/69","targetHints":{"allow":["GET"]}}],"collection":[{"href":"https:\/\/tafaequilibrio.com\/index.php?rest_route=\/wp\/v2\/pages"}],"about":[{"href":"https:\/\/tafaequilibrio.com\/index.php?rest_route=\/wp\/v2\/types\/page"}],"author":[{"embeddable":true,"href":"https:\/\/tafaequilibrio.com\/index.php?rest_route=\/wp\/v2\/users\/2"}],"replies":[{"embeddable":true,"href":"https:\/\/tafaequilibrio.com\/index.php?rest_route=%2Fwp%2Fv2%2Fcomments&post=69"}],"version-history":[{"count":2,"href":"https:\/\/tafaequilibrio.com\/index.php?rest_route=\/wp\/v2\/pages\/69\/revisions"}],"predecessor-version":[{"id":504,"href":"https:\/\/tafaequilibrio.com\/index.php?rest_route=\/wp\/v2\/pages\/69\/revisions\/504"}],"wp:attachment":[{"href":"https:\/\/tafaequilibrio.com\/index.php?rest_route=%2Fwp%2Fv2%2Fmedia&parent=69"}],"curies":[{"name":"wp","href":"https:\/\/api.w.org\/{rel}","templated":true}]}}