{"id":2564,"date":"2023-03-17T15:53:03","date_gmt":"2023-03-17T15:53:03","guid":{"rendered":"https:\/\/tafaequilibrio.com\/?page_id=2564"},"modified":"2023-03-17T16:15:50","modified_gmt":"2023-03-17T16:15:50","slug":"informes","status":"publish","type":"page","link":"https:\/\/tafaequilibrio.com\/?page_id=2564","title":{"rendered":"Informes"},"content":{"rendered":"\t\t<div data-elementor-type=\"wp-page\" data-elementor-id=\"2564\" class=\"elementor elementor-2564\">\n\t\t\t\t\t\t\t\t\t<section class=\"elementor-section elementor-top-section elementor-element elementor-element-e9dc636 elementor-section-full_width elementor-section-height-default elementor-section-height-default\" data-id=\"e9dc636\" data-element_type=\"section\">\n\t\t\t\t\t\t<div class=\"elementor-container elementor-column-gap-default\">\n\t\t\t\t\t<div class=\"elementor-column elementor-col-100 elementor-top-column elementor-element elementor-element-507e891\" data-id=\"507e891\" data-element_type=\"column\">\n\t\t\t<div class=\"elementor-widget-wrap elementor-element-populated\">\n\t\t\t\t\t\t\t\t<div class=\"elementor-element elementor-element-4f59794 elementor-widget elementor-widget-heading\" data-id=\"4f59794\" data-element_type=\"widget\" data-widget_type=\"heading.default\">\n\t\t\t\t<div class=\"elementor-widget-container\">\n\t\t\t<style>\/*! elementor - v3.17.0 - 08-11-2023 *\/\n.elementor-heading-title{padding:0;margin:0;line-height:1}.elementor-widget-heading .elementor-heading-title[class*=elementor-size-]>a{color:inherit;font-size:inherit;line-height:inherit}.elementor-widget-heading .elementor-heading-title.elementor-size-small{font-size:15px}.elementor-widget-heading .elementor-heading-title.elementor-size-medium{font-size:19px}.elementor-widget-heading .elementor-heading-title.elementor-size-large{font-size:29px}.elementor-widget-heading .elementor-heading-title.elementor-size-xl{font-size:39px}.elementor-widget-heading .elementor-heading-title.elementor-size-xxl{font-size:59px}<\/style><h2 class=\"elementor-heading-title elementor-size-default\">   Informes de autoconocimiento <\/h2>\t\t<\/div>\n\t\t\t\t<\/div>\n\t\t\t\t\t<\/div>\n\t\t<\/div>\n\t\t\t\t\t\t\t<\/div>\n\t\t<\/section>\n\t\t\t\t<section class=\"elementor-section elementor-top-section elementor-element elementor-element-36d7d86 elementor-section-boxed elementor-section-height-default elementor-section-height-default\" data-id=\"36d7d86\" data-element_type=\"section\">\n\t\t\t\t\t\t<div class=\"elementor-container elementor-column-gap-default\">\n\t\t\t\t\t<div class=\"elementor-column elementor-col-100 elementor-top-column elementor-element elementor-element-0206436\" data-id=\"0206436\" data-element_type=\"column\">\n\t\t\t<div class=\"elementor-widget-wrap elementor-element-populated\">\n\t\t\t\t\t\t\t\t<div class=\"elementor-element elementor-element-c22d927 elementor-widget elementor-widget-text-editor\" data-id=\"c22d927\" data-element_type=\"widget\" data-widget_type=\"text-editor.default\">\n\t\t\t\t<div class=\"elementor-widget-container\">\n\t\t\t<style>\/*! elementor - v3.17.0 - 08-11-2023 *\/\n.elementor-widget-text-editor.elementor-drop-cap-view-stacked .elementor-drop-cap{background-color:#69727d;color:#fff}.elementor-widget-text-editor.elementor-drop-cap-view-framed .elementor-drop-cap{color:#69727d;border:3px solid;background-color:transparent}.elementor-widget-text-editor:not(.elementor-drop-cap-view-default) .elementor-drop-cap{margin-top:8px}.elementor-widget-text-editor:not(.elementor-drop-cap-view-default) .elementor-drop-cap-letter{width:1em;height:1em}.elementor-widget-text-editor .elementor-drop-cap{float:left;text-align:center;line-height:1;font-size:50px}.elementor-widget-text-editor .elementor-drop-cap-letter{display:inline-block}<\/style>\t\t\t\t<p style=\"text-align: left; padding-left: 280px;\"><b>1. Canales de percepci\u00f3n, hemisferios cerebrales, temperamento<\/b><br \/>Te da una visi\u00f3n integral de ti mismo.<br \/><b>2. Inteligencias m\u00faltiples<\/b><br \/>Descubre tus talentos, desarrolla la conciencia, conectate con la vida.<br \/><b>3. Cuadrantes Cerebrales<\/b><br \/>Imprescindible para encontrar tu vocaci\u00f3n.<br \/><b>4. Aspectos f\u00edsicos, emocionales y mentales<\/b><br \/>Reafirma tus fortalezas y supera tus debilidades; encuentra tu centro.<br \/><b>5. Motivaci\u00f3n<\/b><br \/>Cu\u00e1l es tu b\u00fasqueda? De que te est\u00e1s olvidando?.<br \/><b>6. Relaciones interpersonales<\/b><br \/>Elementos a saber para lograr una convivencia arm\u00f3nica<br \/><b>7. Salud<\/b><br \/>Actitudes a evitar y cuidado requerido por tu organismo para mantener la salud<\/p>\t\t\t\t\t\t<\/div>\n\t\t\t\t<\/div>\n\t\t\t\t\t<\/div>\n\t\t<\/div>\n\t\t\t\t\t\t\t<\/div>\n\t\t<\/section>\n\t\t\t\t\t\t\t<\/div>\n\t\t","protected":false},"excerpt":{"rendered":"<p>Informes de autoconocimiento 1. Canales de percepci\u00f3n, hemisferios cerebrales, temperamentoTe da una visi\u00f3n integral de ti mismo.2. Inteligencias m\u00faltiplesDescubre tus talentos, desarrolla la conciencia, conectate con la vida.3. Cuadrantes CerebralesImprescindible para encontrar tu vocaci\u00f3n.4. Aspectos f\u00edsicos, emocionales y mentalesReafirma tus fortalezas y supera tus debilidades; encuentra tu centro.5. Motivaci\u00f3nCu\u00e1l es tu b\u00fasqueda? De que te [&hellip;]<\/p>\n","protected":false},"author":4,"featured_media":0,"parent":0,"menu_order":0,"comment_status":"closed","ping_status":"closed","template":"elementor_header_footer","meta":{"hide_page_title":"","footnotes":""},"class_list":["post-2564","page","type-page","status-publish","hentry"],"_links":{"self":[{"href":"https:\/\/tafaequilibrio.com\/index.php?rest_route=\/wp\/v2\/pages\/2564","targetHints":{"allow":["GET"]}}],"collection":[{"href":"https:\/\/tafaequilibrio.com\/index.php?rest_route=\/wp\/v2\/pages"}],"about":[{"href":"https:\/\/tafaequilibrio.com\/index.php?rest_route=\/wp\/v2\/types\/page"}],"author":[{"embeddable":true,"href":"https:\/\/tafaequilibrio.com\/index.php?rest_route=\/wp\/v2\/users\/4"}],"replies":[{"embeddable":true,"href":"https:\/\/tafaequilibrio.com\/index.php?rest_route=%2Fwp%2Fv2%2Fcomments&post=2564"}],"version-history":[{"count":19,"href":"https:\/\/tafaequilibrio.com\/index.php?rest_route=\/wp\/v2\/pages\/2564\/revisions"}],"predecessor-version":[{"id":2585,"href":"https:\/\/tafaequilibrio.com\/index.php?rest_route=\/wp\/v2\/pages\/2564\/revisions\/2585"}],"wp:attachment":[{"href":"https:\/\/tafaequilibrio.com\/index.php?rest_route=%2Fwp%2Fv2%2Fmedia&parent=2564"}],"curies":[{"name":"wp","href":"https:\/\/api.w.org\/{rel}","templated":true}]}}