{"id":1616,"date":"2023-02-06T10:35:06","date_gmt":"2023-02-06T10:35:06","guid":{"rendered":"https:\/\/tafaequilibrio.com\/?page_id=1616"},"modified":"2023-02-09T23:34:24","modified_gmt":"2023-02-09T23:34:24","slug":"baile","status":"publish","type":"page","link":"https:\/\/tafaequilibrio.com\/?page_id=1616","title":{"rendered":"Baile"},"content":{"rendered":"\t\t<div data-elementor-type=\"wp-page\" data-elementor-id=\"1616\" class=\"elementor elementor-1616\">\n\t\t\t\t\t\t\t\t\t<section class=\"elementor-section elementor-top-section elementor-element elementor-element-26a25ca elementor-section-boxed elementor-section-height-default elementor-section-height-default\" data-id=\"26a25ca\" data-element_type=\"section\">\n\t\t\t\t\t\t<div class=\"elementor-container elementor-column-gap-default\">\n\t\t\t\t\t<div class=\"elementor-column elementor-col-100 elementor-top-column elementor-element elementor-element-19d6331\" data-id=\"19d6331\" data-element_type=\"column\">\n\t\t\t<div class=\"elementor-widget-wrap elementor-element-populated\">\n\t\t\t\t\t\t\t\t<div class=\"elementor-element elementor-element-7567094 elementor-widget elementor-widget-text-editor\" data-id=\"7567094\" data-element_type=\"widget\" data-widget_type=\"text-editor.default\">\n\t\t\t\t<div class=\"elementor-widget-container\">\n\t\t\t<style>\/*! elementor - v3.17.0 - 08-11-2023 *\/\n.elementor-widget-text-editor.elementor-drop-cap-view-stacked .elementor-drop-cap{background-color:#69727d;color:#fff}.elementor-widget-text-editor.elementor-drop-cap-view-framed .elementor-drop-cap{color:#69727d;border:3px solid;background-color:transparent}.elementor-widget-text-editor:not(.elementor-drop-cap-view-default) .elementor-drop-cap{margin-top:8px}.elementor-widget-text-editor:not(.elementor-drop-cap-view-default) .elementor-drop-cap-letter{width:1em;height:1em}.elementor-widget-text-editor .elementor-drop-cap{float:left;text-align:center;line-height:1;font-size:50px}.elementor-widget-text-editor .elementor-drop-cap-letter{display:inline-block}<\/style>\t\t\t\t<p lang=\"es-EC\">Valor: $9<br>\nTiempo: 2hr <br> x sesi\u00f3n<\/p>\n<p class=\"western\" lang=\"es-EC\">Es un lugar que permite mover tu cuerpo y hacer ejercicio con varias m\u00e1quinas y art\u00edculos deportivos, contamos con un entrenador competente, para llevar a cabo una serie de ejercicios. <span lang=\"es-EC\">Ven y construye el cuerpo que deseas, solo tu puedes hacerlo.<\/span><\/p>\n<p class=\"western\" lang=\"es-EC\">Beneficios<\/p>\n\n<ol>\n \t<li>\n<p lang=\"es-EC\">Haciendo ejercicio f\u00edsico te sentir\u00e1s mejor<\/p>\n<\/li>\n \t<li>\n<p lang=\"es-EC\">El ejercicio f\u00edsico es una soluci\u00f3n efectiva para calmar la ansiedad<\/p>\n<\/li>\n \t<li>\n<p lang=\"es-EC\">El ejercicio constante activa las pilas<\/p>\n<\/li>\n \t<li>\n<p lang=\"es-EC\">Ir al gimnasio mejora tu calidad del sue\u00f1o<\/p>\n<\/li>\n \t<li>\n<p lang=\"es-EC\">Fortalece m\u00fasculos y huesos<\/p>\n<\/li>\n \t<li>\n<p lang=\"es-EC\">Ejercitarte en el gimnasio ayuda a mejorar tu figura<\/p>\n<\/li>\n \t<li>\n<p lang=\"es-EC\">Combate el estr\u00e9s<\/p>\n<\/li>\n \t<li>\n<p lang=\"es-EC\">Har\u00e1s amigos, el gimnasio ser\u00e1 una familia<\/p>\n<\/li>\n \t<li>\n<p lang=\"es-EC\">Buena alimentaci\u00f3n y gimnasio van de la mano<\/p>\n<\/li>\n \t<li>\n<p lang=\"es-EC\">Mejora la coordinaci\u00f3n, fuerza y resistencia<\/p>\n<\/li>\n<\/ol>\n<p lang=\"es-EC\"><\/p>\t\t\t\t\t\t<\/div>\n\t\t\t\t<\/div>\n\t\t\t\t\t<\/div>\n\t\t<\/div>\n\t\t\t\t\t\t\t<\/div>\n\t\t<\/section>\n\t\t\t\t\t\t\t<\/div>\n\t\t","protected":false},"excerpt":{"rendered":"<p>Valor: $9 Tiempo: 2hr x sesi\u00f3n Es un lugar que permite mover tu cuerpo y hacer ejercicio con varias m\u00e1quinas y art\u00edculos deportivos, contamos con un entrenador competente, para llevar a cabo una serie de ejercicios. Ven y construye el cuerpo que deseas, solo tu puedes hacerlo. Beneficios Haciendo ejercicio f\u00edsico te sentir\u00e1s mejor El [&hellip;]<\/p>\n","protected":false},"author":4,"featured_media":0,"parent":0,"menu_order":0,"comment_status":"closed","ping_status":"closed","template":"","meta":{"hide_page_title":"","footnotes":""},"class_list":["post-1616","page","type-page","status-publish","hentry"],"_links":{"self":[{"href":"https:\/\/tafaequilibrio.com\/index.php?rest_route=\/wp\/v2\/pages\/1616","targetHints":{"allow":["GET"]}}],"collection":[{"href":"https:\/\/tafaequilibrio.com\/index.php?rest_route=\/wp\/v2\/pages"}],"about":[{"href":"https:\/\/tafaequilibrio.com\/index.php?rest_route=\/wp\/v2\/types\/page"}],"author":[{"embeddable":true,"href":"https:\/\/tafaequilibrio.com\/index.php?rest_route=\/wp\/v2\/users\/4"}],"replies":[{"embeddable":true,"href":"https:\/\/tafaequilibrio.com\/index.php?rest_route=%2Fwp%2Fv2%2Fcomments&post=1616"}],"version-history":[{"count":19,"href":"https:\/\/tafaequilibrio.com\/index.php?rest_route=\/wp\/v2\/pages\/1616\/revisions"}],"predecessor-version":[{"id":2210,"href":"https:\/\/tafaequilibrio.com\/index.php?rest_route=\/wp\/v2\/pages\/1616\/revisions\/2210"}],"wp:attachment":[{"href":"https:\/\/tafaequilibrio.com\/index.php?rest_route=%2Fwp%2Fv2%2Fmedia&parent=1616"}],"curies":[{"name":"wp","href":"https:\/\/api.w.org\/{rel}","templated":true}]}}