{"id":1614,"date":"2023-02-06T10:34:49","date_gmt":"2023-02-06T10:34:49","guid":{"rendered":"https:\/\/tafaequilibrio.com\/?page_id=1614"},"modified":"2023-02-09T23:37:22","modified_gmt":"2023-02-09T23:37:22","slug":"respiracion-2","status":"publish","type":"page","link":"https:\/\/tafaequilibrio.com\/?page_id=1614","title":{"rendered":"Respiraci\u00f3n"},"content":{"rendered":"\t\t<div data-elementor-type=\"wp-page\" data-elementor-id=\"1614\" class=\"elementor elementor-1614\">\n\t\t\t\t\t\t\t\t\t<section class=\"elementor-section elementor-top-section elementor-element elementor-element-8fe74ee elementor-section-boxed elementor-section-height-default elementor-section-height-default\" data-id=\"8fe74ee\" data-element_type=\"section\">\n\t\t\t\t\t\t<div class=\"elementor-container elementor-column-gap-default\">\n\t\t\t\t\t<div class=\"elementor-column elementor-col-100 elementor-top-column elementor-element elementor-element-836606e\" data-id=\"836606e\" data-element_type=\"column\">\n\t\t\t<div class=\"elementor-widget-wrap elementor-element-populated\">\n\t\t\t\t\t\t\t\t<div class=\"elementor-element elementor-element-84ce8fe elementor-widget elementor-widget-text-editor\" data-id=\"84ce8fe\" data-element_type=\"widget\" data-widget_type=\"text-editor.default\">\n\t\t\t\t<div class=\"elementor-widget-container\">\n\t\t\t<style>\/*! elementor - v3.17.0 - 08-11-2023 *\/\n.elementor-widget-text-editor.elementor-drop-cap-view-stacked .elementor-drop-cap{background-color:#69727d;color:#fff}.elementor-widget-text-editor.elementor-drop-cap-view-framed .elementor-drop-cap{color:#69727d;border:3px solid;background-color:transparent}.elementor-widget-text-editor:not(.elementor-drop-cap-view-default) .elementor-drop-cap{margin-top:8px}.elementor-widget-text-editor:not(.elementor-drop-cap-view-default) .elementor-drop-cap-letter{width:1em;height:1em}.elementor-widget-text-editor .elementor-drop-cap{float:left;text-align:center;line-height:1;font-size:50px}.elementor-widget-text-editor .elementor-drop-cap-letter{display:inline-block}<\/style>\t\t\t\t<p lang=\"es-EC\">Valor: $30<br \/>Tiempo: 1hr<br \/>12 veces x mes<\/p><p class=\"western\" lang=\"es-EC\">La respiraci\u00f3n es una funci\u00f3n vital, aprender a respirar correctamente es importante, a trav\u00e9s de ella todas las c\u00e9lulas del cuerpo se alimentan, las neuronas se estimulan, y nos ayuda en momentos de emoci\u00f3n y desesperaci\u00f3n a controlarnos y moderar lo que sentimos.<span lang=\"es-EC\">La falta de autocontrol es un problema que tenemos la mayoria, aprendamos a controlarnos, la respiraciones lo es todo:<\/span><\/p><p class=\"western\" lang=\"es-EC\">Beneficios de la respiraci\u00f3n<\/p><p class=\"western\" lang=\"es-EC\">1 Regula el estr\u00e9s y la ansiedad<\/p><p class=\"western\" lang=\"es-EC\">2. Elimina toxinas.<\/p><p class=\"western\" lang=\"es-EC\">4. Disminuye la sensaci\u00f3n de dolor.<\/p><p class=\"western\" lang=\"es-EC\">5. Nos ayudar\u00e1 a mejorar nuestra postura.<\/p><p class=\"western\" lang=\"es-EC\">6. Estimula el sistema linf\u00e1tico.<\/p><p class=\"western\" lang=\"es-EC\">7. Cuida de nuestro coraz\u00f3n.<\/p><p class=\"western\" lang=\"es-EC\">8. Mejora la digesti\u00f3n<\/p><p class=\"western\" lang=\"es-EC\"><span lang=\"es-EC\">9. Te conecta contigo, y lo demas<\/span><\/p>\t\t\t\t\t\t<\/div>\n\t\t\t\t<\/div>\n\t\t\t\t\t<\/div>\n\t\t<\/div>\n\t\t\t\t\t\t\t<\/div>\n\t\t<\/section>\n\t\t\t\t\t\t\t<\/div>\n\t\t","protected":false},"excerpt":{"rendered":"<p>Valor: $30Tiempo: 1hr12 veces x mes La respiraci\u00f3n es una funci\u00f3n vital, aprender a respirar correctamente es importante, a trav\u00e9s de ella todas las c\u00e9lulas del cuerpo se alimentan, las neuronas se estimulan, y nos ayuda en momentos de emoci\u00f3n y desesperaci\u00f3n a controlarnos y moderar lo que sentimos.La falta de autocontrol es un problema [&hellip;]<\/p>\n","protected":false},"author":4,"featured_media":0,"parent":0,"menu_order":0,"comment_status":"closed","ping_status":"closed","template":"","meta":{"hide_page_title":"","footnotes":""},"class_list":["post-1614","page","type-page","status-publish","hentry"],"_links":{"self":[{"href":"https:\/\/tafaequilibrio.com\/index.php?rest_route=\/wp\/v2\/pages\/1614","targetHints":{"allow":["GET"]}}],"collection":[{"href":"https:\/\/tafaequilibrio.com\/index.php?rest_route=\/wp\/v2\/pages"}],"about":[{"href":"https:\/\/tafaequilibrio.com\/index.php?rest_route=\/wp\/v2\/types\/page"}],"author":[{"embeddable":true,"href":"https:\/\/tafaequilibrio.com\/index.php?rest_route=\/wp\/v2\/users\/4"}],"replies":[{"embeddable":true,"href":"https:\/\/tafaequilibrio.com\/index.php?rest_route=%2Fwp%2Fv2%2Fcomments&post=1614"}],"version-history":[{"count":16,"href":"https:\/\/tafaequilibrio.com\/index.php?rest_route=\/wp\/v2\/pages\/1614\/revisions"}],"predecessor-version":[{"id":2225,"href":"https:\/\/tafaequilibrio.com\/index.php?rest_route=\/wp\/v2\/pages\/1614\/revisions\/2225"}],"wp:attachment":[{"href":"https:\/\/tafaequilibrio.com\/index.php?rest_route=%2Fwp%2Fv2%2Fmedia&parent=1614"}],"curies":[{"name":"wp","href":"https:\/\/api.w.org\/{rel}","templated":true}]}}