{"id":1610,"date":"2023-02-06T10:33:06","date_gmt":"2023-02-06T10:33:06","guid":{"rendered":"https:\/\/tafaequilibrio.com\/?page_id=1610"},"modified":"2023-02-09T23:38:03","modified_gmt":"2023-02-09T23:38:03","slug":"yug-do","status":"publish","type":"page","link":"https:\/\/tafaequilibrio.com\/?page_id=1610","title":{"rendered":"Yug Do"},"content":{"rendered":"\t\t<div data-elementor-type=\"wp-page\" data-elementor-id=\"1610\" class=\"elementor elementor-1610\">\n\t\t\t\t\t\t\t\t\t<section class=\"elementor-section elementor-top-section elementor-element elementor-element-b5576a3 elementor-section-full_width elementor-section-height-default elementor-section-height-default\" data-id=\"b5576a3\" data-element_type=\"section\">\n\t\t\t\t\t\t<div class=\"elementor-container elementor-column-gap-default\">\n\t\t\t\t\t<div class=\"elementor-column elementor-col-100 elementor-top-column elementor-element elementor-element-aa1b3ff\" data-id=\"aa1b3ff\" data-element_type=\"column\">\n\t\t\t<div class=\"elementor-widget-wrap elementor-element-populated\">\n\t\t\t\t\t\t\t\t<div class=\"elementor-element elementor-element-91c3e13 elementor-widget elementor-widget-video\" data-id=\"91c3e13\" data-element_type=\"widget\" data-settings=\"{&quot;video_type&quot;:&quot;hosted&quot;,&quot;controls&quot;:&quot;yes&quot;}\" data-widget_type=\"video.default\">\n\t\t\t\t<div class=\"elementor-widget-container\">\n\t\t\t<style>\/*! elementor - v3.17.0 - 08-11-2023 *\/\n.elementor-widget-video .elementor-widget-container{overflow:hidden;transform:translateZ(0)}.elementor-widget-video .elementor-wrapper{aspect-ratio:var(--video-aspect-ratio)}.elementor-widget-video .elementor-wrapper iframe,.elementor-widget-video .elementor-wrapper video{height:100%;width:100%;display:flex;border:none;background-color:#000}@supports not (aspect-ratio:1\/1){.elementor-widget-video .elementor-wrapper{position:relative;overflow:hidden;height:0;padding-bottom:calc(100% \/ var(--video-aspect-ratio))}.elementor-widget-video .elementor-wrapper iframe,.elementor-widget-video .elementor-wrapper video{position:absolute;top:0;right:0;bottom:0;left:0}}.elementor-widget-video .elementor-open-inline .elementor-custom-embed-image-overlay{position:absolute;top:0;right:0;bottom:0;left:0;background-size:cover;background-position:50%}.elementor-widget-video .elementor-custom-embed-image-overlay{cursor:pointer;text-align:center}.elementor-widget-video .elementor-custom-embed-image-overlay:hover .elementor-custom-embed-play i{opacity:1}.elementor-widget-video .elementor-custom-embed-image-overlay img{display:block;width:100%;aspect-ratio:var(--video-aspect-ratio);-o-object-fit:cover;object-fit:cover;-o-object-position:center center;object-position:center center}@supports not (aspect-ratio:1\/1){.elementor-widget-video .elementor-custom-embed-image-overlay{position:relative;overflow:hidden;height:0;padding-bottom:calc(100% \/ var(--video-aspect-ratio))}.elementor-widget-video .elementor-custom-embed-image-overlay img{position:absolute;top:0;right:0;bottom:0;left:0}}.elementor-widget-video .e-hosted-video .elementor-video{-o-object-fit:cover;object-fit:cover}.e-con-inner>.elementor-widget-video,.e-con>.elementor-widget-video{width:var(--container-widget-width);--flex-grow:var(--container-widget-flex-grow)}<\/style>\t\t<div class=\"e-hosted-video elementor-wrapper elementor-open-inline\">\n\t\t\t\t\t<video class=\"elementor-video\" src=\"https:\/\/tafaequilibrio.com\/wp-content\/uploads\/2023\/02\/videoyugdo.mp4\" controls=\"\" preload=\"metadata\" controlsList=\"nodownload\"><\/video>\n\t\t\t\t<\/div>\n\t\t\t\t<\/div>\n\t\t\t\t<\/div>\n\t\t\t\t\t<\/div>\n\t\t<\/div>\n\t\t\t\t\t\t\t<\/div>\n\t\t<\/section>\n\t\t\t\t<section class=\"elementor-section elementor-top-section elementor-element elementor-element-648501a elementor-section-boxed elementor-section-height-default elementor-section-height-default\" data-id=\"648501a\" data-element_type=\"section\">\n\t\t\t\t\t\t<div class=\"elementor-container elementor-column-gap-default\">\n\t\t\t\t\t<div class=\"elementor-column elementor-col-100 elementor-top-column elementor-element elementor-element-0b74778\" data-id=\"0b74778\" data-element_type=\"column\">\n\t\t\t<div class=\"elementor-widget-wrap elementor-element-populated\">\n\t\t\t\t\t\t\t\t<div class=\"elementor-element elementor-element-97d8a98 elementor-widget elementor-widget-text-editor\" data-id=\"97d8a98\" data-element_type=\"widget\" data-widget_type=\"text-editor.default\">\n\t\t\t\t<div class=\"elementor-widget-container\">\n\t\t\t<style>\/*! elementor - v3.17.0 - 08-11-2023 *\/\n.elementor-widget-text-editor.elementor-drop-cap-view-stacked .elementor-drop-cap{background-color:#69727d;color:#fff}.elementor-widget-text-editor.elementor-drop-cap-view-framed .elementor-drop-cap{color:#69727d;border:3px solid;background-color:transparent}.elementor-widget-text-editor:not(.elementor-drop-cap-view-default) .elementor-drop-cap{margin-top:8px}.elementor-widget-text-editor:not(.elementor-drop-cap-view-default) .elementor-drop-cap-letter{width:1em;height:1em}.elementor-widget-text-editor .elementor-drop-cap{float:left;text-align:center;line-height:1;font-size:50px}.elementor-widget-text-editor .elementor-drop-cap-letter{display:inline-block}<\/style>\t\t\t\t<p lang=\"es-EC\">Valor: $45<br \/>Tiempo: 1hr<br \/>4 veces x mes<\/p><p class=\"western\" lang=\"es-EC\">El arte del bamb\u00fa o Yug-Do, es un camino de transformaci\u00f3n personal, exterior e interior<span lang=\"es-EC\">.<\/span> <span lang=\"es-EC\">Descubre el <\/span>control<span lang=\"es-EC\"> de<\/span> tu propia energ\u00eda en 22 movimientos. <span lang=\"es-EC\">Apuntate y descubre el amor, el control, como transmutar los miedos y ser emp\u00e1ticos con nosotros y los dem\u00e1s. <\/span><\/p><p class=\"western\" lang=\"es-EC\">Beneficios de Yug-Do<\/p><p class=\"western\" lang=\"es-EC\">1 Conexi\u00f3n consigo mismo y los 22 arquetipos<\/p><p class=\"western\" lang=\"es-EC\">2 Equilibrio de hemisferios cerebrales<\/p><p class=\"western\" lang=\"es-EC\">3 Receptividad, relajaci\u00f3n y estimulo de memoria<\/p><p class=\"western\" lang=\"es-EC\">4 Capacidad de transcender los l\u00edmites y fluir<\/p><p class=\"western\" lang=\"es-EC\">5 Aumenta la responsabilidad personal<\/p><p class=\"western\" lang=\"es-EC\">6 Aumento de intuici\u00f3n y reconocer el camino<\/p><p class=\"western\" lang=\"es-EC\"><span lang=\"es-EC\">7 Desarrolla la intuici\u00f3n<\/span><\/p>\t\t\t\t\t\t<\/div>\n\t\t\t\t<\/div>\n\t\t\t\t\t<\/div>\n\t\t<\/div>\n\t\t\t\t\t\t\t<\/div>\n\t\t<\/section>\n\t\t\t\t\t\t\t<\/div>\n\t\t","protected":false},"excerpt":{"rendered":"<p>https:\/\/tafaequilibrio.com\/wp-content\/uploads\/2023\/02\/videoyugdo.mp4 Valor: $45Tiempo: 1hr4 veces x mes El arte del bamb\u00fa o Yug-Do, es un camino de transformaci\u00f3n personal, exterior e interior. Descubre el control de tu propia energ\u00eda en 22 movimientos. Apuntate y descubre el amor, el control, como transmutar los miedos y ser emp\u00e1ticos con nosotros y los dem\u00e1s. Beneficios de Yug-Do 1 [&hellip;]<\/p>\n","protected":false},"author":4,"featured_media":0,"parent":0,"menu_order":0,"comment_status":"closed","ping_status":"closed","template":"","meta":{"hide_page_title":"","footnotes":""},"class_list":["post-1610","page","type-page","status-publish","hentry"],"_links":{"self":[{"href":"https:\/\/tafaequilibrio.com\/index.php?rest_route=\/wp\/v2\/pages\/1610","targetHints":{"allow":["GET"]}}],"collection":[{"href":"https:\/\/tafaequilibrio.com\/index.php?rest_route=\/wp\/v2\/pages"}],"about":[{"href":"https:\/\/tafaequilibrio.com\/index.php?rest_route=\/wp\/v2\/types\/page"}],"author":[{"embeddable":true,"href":"https:\/\/tafaequilibrio.com\/index.php?rest_route=\/wp\/v2\/users\/4"}],"replies":[{"embeddable":true,"href":"https:\/\/tafaequilibrio.com\/index.php?rest_route=%2Fwp%2Fv2%2Fcomments&post=1610"}],"version-history":[{"count":22,"href":"https:\/\/tafaequilibrio.com\/index.php?rest_route=\/wp\/v2\/pages\/1610\/revisions"}],"predecessor-version":[{"id":2234,"href":"https:\/\/tafaequilibrio.com\/index.php?rest_route=\/wp\/v2\/pages\/1610\/revisions\/2234"}],"wp:attachment":[{"href":"https:\/\/tafaequilibrio.com\/index.php?rest_route=%2Fwp%2Fv2%2Fmedia&parent=1610"}],"curies":[{"name":"wp","href":"https:\/\/api.w.org\/{rel}","templated":true}]}}