{"id":1604,"date":"2023-02-06T10:32:05","date_gmt":"2023-02-06T10:32:05","guid":{"rendered":"https:\/\/tafaequilibrio.com\/?page_id=1604"},"modified":"2023-02-09T23:39:29","modified_gmt":"2023-02-09T23:39:29","slug":"gimnasio","status":"publish","type":"page","link":"https:\/\/tafaequilibrio.com\/?page_id=1604","title":{"rendered":"Gimnasio"},"content":{"rendered":"\t\t<div data-elementor-type=\"wp-page\" data-elementor-id=\"1604\" class=\"elementor elementor-1604\">\n\t\t\t\t\t\t\t\t\t<section class=\"elementor-section elementor-top-section elementor-element elementor-element-6f5857c elementor-section-boxed elementor-section-height-default elementor-section-height-default\" data-id=\"6f5857c\" data-element_type=\"section\">\n\t\t\t\t\t\t<div class=\"elementor-container elementor-column-gap-default\">\n\t\t\t\t\t<div class=\"elementor-column elementor-col-100 elementor-top-column elementor-element elementor-element-dc6d483\" data-id=\"dc6d483\" data-element_type=\"column\">\n\t\t\t<div class=\"elementor-widget-wrap elementor-element-populated\">\n\t\t\t\t\t\t\t\t<div class=\"elementor-element elementor-element-d0be766 elementor-widget elementor-widget-text-editor\" data-id=\"d0be766\" data-element_type=\"widget\" data-widget_type=\"text-editor.default\">\n\t\t\t\t<div class=\"elementor-widget-container\">\n\t\t\t<style>\/*! elementor - v3.17.0 - 08-11-2023 *\/\n.elementor-widget-text-editor.elementor-drop-cap-view-stacked .elementor-drop-cap{background-color:#69727d;color:#fff}.elementor-widget-text-editor.elementor-drop-cap-view-framed .elementor-drop-cap{color:#69727d;border:3px solid;background-color:transparent}.elementor-widget-text-editor:not(.elementor-drop-cap-view-default) .elementor-drop-cap{margin-top:8px}.elementor-widget-text-editor:not(.elementor-drop-cap-view-default) .elementor-drop-cap-letter{width:1em;height:1em}.elementor-widget-text-editor .elementor-drop-cap{float:left;text-align:center;line-height:1;font-size:50px}.elementor-widget-text-editor .elementor-drop-cap-letter{display:inline-block}<\/style>\t\t\t\t<p lang=\"es-EC\">Valor $30 x mes<\/p><p class=\"western\" lang=\"es-EC\">Es un lugar que permite mover tu cuerpo y hacer ejercicio con varias m\u00e1quinas y art\u00edculos deportivos, contamos con un entrenador competente, para llevar a cabo una serie de ejercicios. <span lang=\"es-EC\">Ven y construye el cuerpo que deseas, solo tu puedes hacerlo.<\/span><\/p><p class=\"western\" lang=\"es-EC\">Beneficios<\/p><ol><li><p lang=\"es-EC\">Haciendo ejercicio f\u00edsico te sentir\u00e1s mejor<\/p><\/li><li><p lang=\"es-EC\">El ejercicio f\u00edsico es una soluci\u00f3n efectiva para calmar la ansiedad<\/p><\/li><li><p lang=\"es-EC\">El ejercicio constante activa las pilas<\/p><\/li><li><p lang=\"es-EC\">Ir al gimnasio mejora tu calidad del sue\u00f1o<\/p><\/li><li><p lang=\"es-EC\">Fortalece m\u00fasculos y huesos<\/p><\/li><li><p lang=\"es-EC\">Ejercitarte en el gimnasio ayuda a mejorar tu figura<\/p><\/li><li><p lang=\"es-EC\">Combate el estr\u00e9s<\/p><\/li><li><p lang=\"es-EC\">Har\u00e1s amigos, el gimnasio ser\u00e1 una familia<\/p><\/li><li><p lang=\"es-EC\">Buena alimentaci\u00f3n y gimnasio van de la mano<\/p><\/li><li><p lang=\"es-EC\">Mejora la coordinaci\u00f3n, fuerza y resistencia<\/p><\/li><\/ol><p lang=\"es-EC\">\u00a0<\/p>\t\t\t\t\t\t<\/div>\n\t\t\t\t<\/div>\n\t\t\t\t\t<\/div>\n\t\t<\/div>\n\t\t\t\t\t\t\t<\/div>\n\t\t<\/section>\n\t\t\t\t\t\t\t<\/div>\n\t\t","protected":false},"excerpt":{"rendered":"<p>Valor $30 x mes Es un lugar que permite mover tu cuerpo y hacer ejercicio con varias m\u00e1quinas y art\u00edculos deportivos, contamos con un entrenador competente, para llevar a cabo una serie de ejercicios. Ven y construye el cuerpo que deseas, solo tu puedes hacerlo. Beneficios Haciendo ejercicio f\u00edsico te sentir\u00e1s mejor El ejercicio f\u00edsico [&hellip;]<\/p>\n","protected":false},"author":4,"featured_media":0,"parent":0,"menu_order":0,"comment_status":"closed","ping_status":"closed","template":"","meta":{"hide_page_title":"","footnotes":""},"class_list":["post-1604","page","type-page","status-publish","hentry"],"_links":{"self":[{"href":"https:\/\/tafaequilibrio.com\/index.php?rest_route=\/wp\/v2\/pages\/1604","targetHints":{"allow":["GET"]}}],"collection":[{"href":"https:\/\/tafaequilibrio.com\/index.php?rest_route=\/wp\/v2\/pages"}],"about":[{"href":"https:\/\/tafaequilibrio.com\/index.php?rest_route=\/wp\/v2\/types\/page"}],"author":[{"embeddable":true,"href":"https:\/\/tafaequilibrio.com\/index.php?rest_route=\/wp\/v2\/users\/4"}],"replies":[{"embeddable":true,"href":"https:\/\/tafaequilibrio.com\/index.php?rest_route=%2Fwp%2Fv2%2Fcomments&post=1604"}],"version-history":[{"count":13,"href":"https:\/\/tafaequilibrio.com\/index.php?rest_route=\/wp\/v2\/pages\/1604\/revisions"}],"predecessor-version":[{"id":2237,"href":"https:\/\/tafaequilibrio.com\/index.php?rest_route=\/wp\/v2\/pages\/1604\/revisions\/2237"}],"wp:attachment":[{"href":"https:\/\/tafaequilibrio.com\/index.php?rest_route=%2Fwp%2Fv2%2Fmedia&parent=1604"}],"curies":[{"name":"wp","href":"https:\/\/api.w.org\/{rel}","templated":true}]}}