{"id":1597,"date":"2023-02-06T10:30:11","date_gmt":"2023-02-06T10:30:11","guid":{"rendered":"https:\/\/tafaequilibrio.com\/?page_id=1597"},"modified":"2023-02-09T23:40:46","modified_gmt":"2023-02-09T23:40:46","slug":"yoga","status":"publish","type":"page","link":"https:\/\/tafaequilibrio.com\/?page_id=1597","title":{"rendered":"Yoga"},"content":{"rendered":"\t\t<div data-elementor-type=\"wp-page\" data-elementor-id=\"1597\" class=\"elementor elementor-1597\">\n\t\t\t\t\t\t\t\t\t<section class=\"elementor-section elementor-top-section elementor-element elementor-element-83b45fc elementor-section-boxed elementor-section-height-default elementor-section-height-default\" data-id=\"83b45fc\" data-element_type=\"section\">\n\t\t\t\t\t\t<div class=\"elementor-container elementor-column-gap-default\">\n\t\t\t\t\t<div class=\"elementor-column elementor-col-100 elementor-top-column elementor-element elementor-element-96de407\" data-id=\"96de407\" data-element_type=\"column\">\n\t\t\t<div class=\"elementor-widget-wrap elementor-element-populated\">\n\t\t\t\t\t\t\t\t<div class=\"elementor-element elementor-element-fef1eaa elementor-widget elementor-widget-text-editor\" data-id=\"fef1eaa\" data-element_type=\"widget\" data-widget_type=\"text-editor.default\">\n\t\t\t\t<div class=\"elementor-widget-container\">\n\t\t\t<style>\/*! elementor - v3.17.0 - 08-11-2023 *\/\n.elementor-widget-text-editor.elementor-drop-cap-view-stacked .elementor-drop-cap{background-color:#69727d;color:#fff}.elementor-widget-text-editor.elementor-drop-cap-view-framed .elementor-drop-cap{color:#69727d;border:3px solid;background-color:transparent}.elementor-widget-text-editor:not(.elementor-drop-cap-view-default) .elementor-drop-cap{margin-top:8px}.elementor-widget-text-editor:not(.elementor-drop-cap-view-default) .elementor-drop-cap-letter{width:1em;height:1em}.elementor-widget-text-editor .elementor-drop-cap{float:left;text-align:center;line-height:1;font-size:50px}.elementor-widget-text-editor .elementor-drop-cap-letter{display:inline-block}<\/style>\t\t\t\t<p>Hatha Yoga <br \/>Valor: 60$ <br \/>Tiempo: 1:30hr<br \/>10 veces x mes<\/p><p>Yoga terapia\/ Power Yoga Flow<br \/>Valor: 45$<br \/>Tiempo: 1hr<br \/>4 veces x mes<\/p><p lang=\"es-EC\">Es un conjunto de disciplinas que ayudan a nuestro cuerpo a obtener y mantener una salud f\u00edsica y mental inquebrantables, adem\u00e1s de una excelente figura<span lang=\"es-EC\">, si realmente sientes el deseo de mejorar tu vida , ven hacer yoga con nosotros, aqui te dejamos los multiples beneficios que te aportara esta practica milenaria. <\/span><\/p><p lang=\"es-EC\">Los principales beneficios del yoga son:<\/p><p lang=\"es-EC\">1. Disminuye el estr\u00e9s y favorece la concentraci\u00f3n.<\/p><p lang=\"es-EC\">2. Fortalece el equilibrio interno, disminuye el insomnio, favorece las respuestas positivas de nuestro cerebro.<\/p><p lang=\"es-EC\">3. Libera al cuerpo de toxinas.<\/p><p lang=\"es-EC\">4. Fortalece el sistema inmune, lo que nos hace m\u00e1s fuertes frente a las enfermedades.<\/p><p lang=\"es-EC\">5. Aumenta la flexibilidad de las articulaciones.<\/p><p lang=\"es-EC\">6. Mejora la fortaleza muscular.<\/p><p lang=\"es-EC\">7. Estimulas los procesos metab\u00f3licos del organismo a trav\u00e9s de la oxigenaci\u00f3n del cuerpo.<\/p><p lang=\"es-EC\">8. Es una disciplina ideal para aquellas personas que padecen de dolores cr\u00f3nicos causados por enfermedades como artritis reumatoide, hernias discales, escoliosis, gracias a la producci\u00f3n de endorfinas.<\/p><p lang=\"es-EC\">9. Tambi\u00e9n funciona para prevenir enfermedades, ya que promueve un cuerpo sano y lleno de energ\u00eda.<\/p><p lang=\"es-EC\">10. Beneficia el sistema digestivo.<\/p><p lang=\"es-EC\">11. Nos proporciona paz mental, calma al practicante de la ansiedad y le ayuda a relajarse.<\/p><p lang=\"es-EC\">Te invitamos a mejorar tu cuerpo, mente y esp\u00edritu, ven a una clase gratuita en TAFAEquilibrio.<\/p>\t\t\t\t\t\t<\/div>\n\t\t\t\t<\/div>\n\t\t\t\t\t<\/div>\n\t\t<\/div>\n\t\t\t\t\t\t\t<\/div>\n\t\t<\/section>\n\t\t\t\t\t\t\t<\/div>\n\t\t","protected":false},"excerpt":{"rendered":"<p>Hatha Yoga Valor: 60$ Tiempo: 1:30hr10 veces x mes Yoga terapia\/ Power Yoga FlowValor: 45$Tiempo: 1hr4 veces x mes Es un conjunto de disciplinas que ayudan a nuestro cuerpo a obtener y mantener una salud f\u00edsica y mental inquebrantables, adem\u00e1s de una excelente figura, si realmente sientes el deseo de mejorar tu vida , ven [&hellip;]<\/p>\n","protected":false},"author":4,"featured_media":0,"parent":0,"menu_order":0,"comment_status":"closed","ping_status":"closed","template":"","meta":{"hide_page_title":"","footnotes":""},"class_list":["post-1597","page","type-page","status-publish","hentry"],"_links":{"self":[{"href":"https:\/\/tafaequilibrio.com\/index.php?rest_route=\/wp\/v2\/pages\/1597","targetHints":{"allow":["GET"]}}],"collection":[{"href":"https:\/\/tafaequilibrio.com\/index.php?rest_route=\/wp\/v2\/pages"}],"about":[{"href":"https:\/\/tafaequilibrio.com\/index.php?rest_route=\/wp\/v2\/types\/page"}],"author":[{"embeddable":true,"href":"https:\/\/tafaequilibrio.com\/index.php?rest_route=\/wp\/v2\/users\/4"}],"replies":[{"embeddable":true,"href":"https:\/\/tafaequilibrio.com\/index.php?rest_route=%2Fwp%2Fv2%2Fcomments&post=1597"}],"version-history":[{"count":28,"href":"https:\/\/tafaequilibrio.com\/index.php?rest_route=\/wp\/v2\/pages\/1597\/revisions"}],"predecessor-version":[{"id":2243,"href":"https:\/\/tafaequilibrio.com\/index.php?rest_route=\/wp\/v2\/pages\/1597\/revisions\/2243"}],"wp:attachment":[{"href":"https:\/\/tafaequilibrio.com\/index.php?rest_route=%2Fwp%2Fv2%2Fmedia&parent=1597"}],"curies":[{"name":"wp","href":"https:\/\/api.w.org\/{rel}","templated":true}]}}